{"id":2818,"date":"2014-04-21T13:40:50","date_gmt":"2014-04-21T17:40:50","guid":{"rendered":"http:\/\/isarta.com\/infos\/?page_id=2818"},"modified":"2024-04-09T16:59:11","modified_gmt":"2024-04-09T20:59:11","slug":"newsletter","status":"publish","type":"page","link":"https:\/\/isarta.com\/infos\/newsletter\/","title":{"rendered":"L&rsquo;infolettre Isarta Infos"},"content":{"rendered":"<div class=\"brdr2\"><\/div>\n<p>L&rsquo;essentiel des tendances du d\u00e9veloppement de carri\u00e8re, du marketing, du Web et des communications, chaque semaine. Vous pouvez vous d\u00e9sinscrire en tout temps.<\/p>\n<div class=\"tnp tnp-subscription\">\n<form method=\"post\" action=\"https:\/\/isarta.com\/infos\/?na=s\">\n<p><input type=\"hidden\" name=\"nr\" value=\"page\"><input type=\"hidden\" name=\"nlang\" value=\"\"><\/p>\n<div class=\"tnp-field tnp-field-email\"><label for=\"tnp-1\"><\/label><br \/>\n<input class=\"tnp-email\" type=\"email\" name=\"ne\" id=\"tnp-1\" value=\"\" required><\/div>\n<div class=\"tnp-field tnp-field-button\"><input class=\"tnp-submit\" type=\"submit\" value=\"S&#039;inscrire\" >\n<\/div>\n<\/form>\n<\/div>\n","protected":false},"excerpt":{"rendered":"<p>L&rsquo;essentiel des tendances du d\u00e9veloppement de carri\u00e8re, du marketing, du Web et des communications, chaque semaine. Vous pouvez vous d\u00e9sinscrire en tout temps.<\/p>\n","protected":false},"author":1,"featured_media":0,"parent":0,"menu_order":0,"comment_status":"closed","ping_status":"closed","template":"","meta":[],"_links":{"self":[{"href":"https:\/\/isarta.com\/infos\/wp-json\/wp\/v2\/pages\/2818"}],"collection":[{"href":"https:\/\/isarta.com\/infos\/wp-json\/wp\/v2\/pages"}],"about":[{"href":"https:\/\/isarta.com\/infos\/wp-json\/wp\/v2\/types\/page"}],"author":[{"embeddable":true,"href":"https:\/\/isarta.com\/infos\/wp-json\/wp\/v2\/users\/1"}],"replies":[{"embeddable":true,"href":"https:\/\/isarta.com\/infos\/wp-json\/wp\/v2\/comments?post=2818"}],"version-history":[{"count":23,"href":"https:\/\/isarta.com\/infos\/wp-json\/wp\/v2\/pages\/2818\/revisions"}],"predecessor-version":[{"id":103320,"href":"https:\/\/isarta.com\/infos\/wp-json\/wp\/v2\/pages\/2818\/revisions\/103320"}],"wp:attachment":[{"href":"https:\/\/isarta.com\/infos\/wp-json\/wp\/v2\/media?parent=2818"}],"curies":[{"name":"wp","href":"https:\/\/api.w.org\/{rel}","templated":true}]}}