{"id":617,"date":"2014-02-24T00:10:57","date_gmt":"2014-02-24T05:10:57","guid":{"rendered":"http:\/\/isarta.com\/infos\/?page_id=617"},"modified":"2019-07-11T12:47:44","modified_gmt":"2019-07-11T16:47:44","slug":"evenements","status":"publish","type":"page","link":"https:\/\/isarta.com\/infos\/evenements\/","title":{"rendered":"\u00c9v\u00e9nements \u00e0 venir"},"content":{"rendered":"<hr size=1 color=#ccc>\n<p>[event_board]<\/p>\n","protected":false},"excerpt":{"rendered":"<p>[event_board]<\/p>\n","protected":false},"author":1,"featured_media":0,"parent":0,"menu_order":0,"comment_status":"open","ping_status":"closed","template":"","meta":[],"_links":{"self":[{"href":"https:\/\/isarta.com\/infos\/wp-json\/wp\/v2\/pages\/617"}],"collection":[{"href":"https:\/\/isarta.com\/infos\/wp-json\/wp\/v2\/pages"}],"about":[{"href":"https:\/\/isarta.com\/infos\/wp-json\/wp\/v2\/types\/page"}],"author":[{"embeddable":true,"href":"https:\/\/isarta.com\/infos\/wp-json\/wp\/v2\/users\/1"}],"replies":[{"embeddable":true,"href":"https:\/\/isarta.com\/infos\/wp-json\/wp\/v2\/comments?post=617"}],"version-history":[{"count":34,"href":"https:\/\/isarta.com\/infos\/wp-json\/wp\/v2\/pages\/617\/revisions"}],"predecessor-version":[{"id":66821,"href":"https:\/\/isarta.com\/infos\/wp-json\/wp\/v2\/pages\/617\/revisions\/66821"}],"wp:attachment":[{"href":"https:\/\/isarta.com\/infos\/wp-json\/wp\/v2\/media?parent=617"}],"curies":[{"name":"wp","href":"https:\/\/api.w.org\/{rel}","templated":true}]}}